{"id":56,"date":"2022-08-12T22:06:30","date_gmt":"2022-08-13T01:06:30","guid":{"rendered":"http:\/\/alfabeclicando.com.br\/?page_id=56"},"modified":"2023-12-03T15:15:40","modified_gmt":"2023-12-03T18:15:40","slug":"super-games-das-criancas","status":"publish","type":"page","link":"https:\/\/alfabeclicando.com.br\/?page_id=56","title":{"rendered":"Super Games"},"content":{"rendered":"\n<figure class=\"wp-block-gallery has-nested-images columns-default is-cropped wp-block-gallery-1 is-layout-flex wp-block-gallery-is-layout-flex\">\n<figure class=\"wp-block-image size-large\"><img loading=\"lazy\" decoding=\"async\" width=\"1024\" height=\"536\" data-id=\"563\" src=\"https:\/\/alfabeclicando.com.br\/wp-content\/uploads\/2023\/09\/telagame01-1-1024x536.png\" alt=\"\" class=\"wp-image-563\" srcset=\"https:\/\/alfabeclicando.com.br\/wp-content\/uploads\/2023\/09\/telagame01-1-1024x536.png 1024w, https:\/\/alfabeclicando.com.br\/wp-content\/uploads\/2023\/09\/telagame01-1-300x157.png 300w, https:\/\/alfabeclicando.com.br\/wp-content\/uploads\/2023\/09\/telagame01-1-768x402.png 768w, https:\/\/alfabeclicando.com.br\/wp-content\/uploads\/2023\/09\/telagame01-1.png 1365w\" sizes=\"auto, (max-width: 1024px) 100vw, 1024px\" \/><\/figure>\n<\/figure>\n\n\n\n<p class=\"has-text-align-center\">No in\u00edcio da Pesquisa, no segundo semestre de 2022, nossa Equipe come\u00e7ou a idealizar a cria\u00e7\u00e3o de um Game com caracter\u00edsitcas mais profissionais sobre alfabetiza\u00e7\u00e3o. Assim nasceu o Game Superjoy.  Criamos uma metodologia para a sua produ\u00e7\u00e3o, que parte sempre de uma narrativa criada junto com as crian\u00e7as que participam da Pesquisa. Ano passado o Game Superjoy foi premiado na categoria Interdisciplinar na Feira de Ci\u00eancia e Tecnologia do Estado do Rio de Janeiro. <\/p>\n\n\n\n<p class=\"has-text-align-center\">Para conhecer mais sobre a metodologia de produ\u00e7\u00e3o do Game, indicamos o artigo publicado na Revista Reter: <a href=\"https:\/\/periodicos.ufsm.br\/reter\/article\/view\/71906\" target=\"_blank\" rel=\"noreferrer noopener\" title=\"https:\/\/periodicos.ufsm.br\/reter\/article\/view\/71906\">https:\/\/periodicos.ufsm.br\/reter\/article\/view\/71906<\/a><\/p>\n\n\n\n<p class=\"has-text-align-center\">A concep\u00e7\u00e3o do Game Superjoy, assim como as palavras escolhidas e alguns desenhos, foram feitos pela Equipe da Pesquisa, incluindo as crian\u00e7as, alunos do GET (03.12.044) Elza Soares, unidade p\u00fablica de ensino da Secretaria Municipal de Educa\u00e7\u00e3o do Rio de Janeiro. A programa\u00e7\u00e3o, feita na Engine Construct 3, e as artes digitais, foram feitas pelos alunos do Ensino T\u00e9cnico de Inform\u00e1tica do ISERJ, estagi\u00e1rios e Bolsistas Jovens Talentos FAPERJ.<\/p>\n\n\n\n<p class=\"has-text-align-center\">Para conhecer a hist\u00f3ria que deu origem ao Game, indicamos a leitura da Hist\u00f3ria em Quadrinhos &#8220;Superjoy&#8221;, na vers\u00e3o  em PDF. Esse material pode ser compartilhado com fins educacionais, mas n\u00e3o \u00e9 permitido o seu uso comercial.<\/p>\n\n\n\n<figure class=\"wp-block-image size-full is-resized\"><img loading=\"lazy\" decoding=\"async\" src=\"https:\/\/alfabeclicando.com.br\/wp-content\/uploads\/2023\/09\/Slide1.png\" alt=\"\" class=\"wp-image-553\" width=\"360\" height=\"480\" srcset=\"https:\/\/alfabeclicando.com.br\/wp-content\/uploads\/2023\/09\/Slide1.png 720w, https:\/\/alfabeclicando.com.br\/wp-content\/uploads\/2023\/09\/Slide1-225x300.png 225w\" sizes=\"auto, (max-width: 360px) 100vw, 360px\" \/><\/figure>\n\n\n\n<p><a href=\"http:\/\/alfabeclicando.com.br\/wp-content\/uploads\/2023\/11\/GIBIJOY_PRONTO_2023.pdf\" target=\"_blank\" rel=\"noreferrer noopener\" title=\"Clique aqui para fazer o download.\">Clique aqui para fazer o download.<\/a><\/p>\n\n\n\n<p>Para jogar, com o joystick modelo X Box ou com o teclado, clique no link: <strong><a href=\"https:\/\/alfabeclicando.com.br\/superjoy\/index.html\" target=\"_blank\" rel=\"noreferrer noopener\">https:\/\/alfabeclicando.com.br\/superjoy\/index.html<\/a><\/strong><\/p>\n\n\n\n<p><\/p>\n","protected":false},"excerpt":{"rendered":"<p>No in\u00edcio da Pesquisa, no segundo semestre de 2022, nossa Equipe come\u00e7ou a idealizar a cria\u00e7\u00e3o de um Game com caracter\u00edsitcas mais profissionais sobre alfabetiza\u00e7\u00e3o. Assim nasceu o Game Superjoy. Criamos uma metodologia para a sua produ\u00e7\u00e3o, que parte sempre de uma narrativa criada junto com as crian\u00e7as que participam da Pesquisa. Ano passado o &#8230; <a title=\"Super Games\" class=\"read-more\" href=\"https:\/\/alfabeclicando.com.br\/?page_id=56\">Read more<span class=\"screen-reader-text\">Super Games<\/span><\/a><\/p>\n","protected":false},"author":1,"featured_media":0,"parent":0,"menu_order":0,"comment_status":"closed","ping_status":"closed","template":"","meta":{"om_disable_all_campaigns":false,"_monsterinsights_skip_tracking":false,"_monsterinsights_sitenote_active":false,"_monsterinsights_sitenote_note":"","_monsterinsights_sitenote_category":0,"footnotes":""},"class_list":["post-56","page","type-page","status-publish"],"_links":{"self":[{"href":"https:\/\/alfabeclicando.com.br\/index.php?rest_route=\/wp\/v2\/pages\/56","targetHints":{"allow":["GET"]}}],"collection":[{"href":"https:\/\/alfabeclicando.com.br\/index.php?rest_route=\/wp\/v2\/pages"}],"about":[{"href":"https:\/\/alfabeclicando.com.br\/index.php?rest_route=\/wp\/v2\/types\/page"}],"author":[{"embeddable":true,"href":"https:\/\/alfabeclicando.com.br\/index.php?rest_route=\/wp\/v2\/users\/1"}],"replies":[{"embeddable":true,"href":"https:\/\/alfabeclicando.com.br\/index.php?rest_route=%2Fwp%2Fv2%2Fcomments&post=56"}],"version-history":[{"count":17,"href":"https:\/\/alfabeclicando.com.br\/index.php?rest_route=\/wp\/v2\/pages\/56\/revisions"}],"predecessor-version":[{"id":607,"href":"https:\/\/alfabeclicando.com.br\/index.php?rest_route=\/wp\/v2\/pages\/56\/revisions\/607"}],"wp:attachment":[{"href":"https:\/\/alfabeclicando.com.br\/index.php?rest_route=%2Fwp%2Fv2%2Fmedia&parent=56"}],"curies":[{"name":"wp","href":"https:\/\/api.w.org\/{rel}","templated":true}]}}