{"id":54,"date":"2022-08-12T22:05:43","date_gmt":"2022-08-13T01:05:43","guid":{"rendered":"http:\/\/alfabeclicando.com.br\/?page_id=54"},"modified":"2025-04-27T12:59:32","modified_gmt":"2025-04-27T15:59:32","slug":"jogos-das-criancas","status":"publish","type":"page","link":"https:\/\/alfabeclicando.com.br\/?page_id=54","title":{"rendered":"Games das Crian\u00e7as"},"content":{"rendered":"\n<p class=\"has-text-align-center\">Aqui est\u00e3o as produ\u00e7\u00f5es feitas pelos nossos alunos, atrav\u00e9s dos prot\u00f3tipos dos jogos reais. Para jogar clique nas imagens. Todos os Jogos s\u00e3o disponibilizados para uso gratuito e educativo e n\u00e3o est\u00e3o autorizados para uso comercial.<\/p>\n\n\n\n<div class=\"wp-block-columns is-layout-flex wp-container-core-columns-is-layout-1 wp-block-columns-is-layout-flex\">\n<div class=\"wp-block-column is-layout-flow wp-block-column-is-layout-flow\">\n<figure class=\"wp-block-image size-full\"><a href=\"http:\/\/alfabeclicando.com.br\/?page_id=366\" target=\"_blank\" rel=\"noreferrer noopener\"><img loading=\"lazy\" decoding=\"async\" width=\"400\" height=\"301\" src=\"http:\/\/alfabeclicando.com.br\/wp-content\/uploads\/2022\/09\/logo_memoria.jpg\" alt=\"\" class=\"wp-image-394\" srcset=\"https:\/\/alfabeclicando.com.br\/wp-content\/uploads\/2022\/09\/logo_memoria.jpg 400w, https:\/\/alfabeclicando.com.br\/wp-content\/uploads\/2022\/09\/logo_memoria-300x226.jpg 300w\" sizes=\"auto, (max-width: 400px) 100vw, 400px\" \/><\/a><figcaption class=\"wp-element-caption\"><strong>JOGO DA MEM\u00d3RIA<\/strong><\/figcaption><\/figure>\n<\/div>\n\n\n\n<div class=\"wp-block-column is-layout-flow wp-block-column-is-layout-flow\">\n<figure class=\"wp-block-image size-full\"><a href=\"https:\/\/alfabeclicando.com.br\/?page_id=489\" target=\"_blank\" rel=\"noreferrer noopener\"><img loading=\"lazy\" decoding=\"async\" width=\"899\" height=\"476\" src=\"https:\/\/alfabeclicando.com.br\/wp-content\/uploads\/2023\/07\/jogo_frases.png\" alt=\"\" class=\"wp-image-483\" srcset=\"https:\/\/alfabeclicando.com.br\/wp-content\/uploads\/2023\/07\/jogo_frases.png 899w, https:\/\/alfabeclicando.com.br\/wp-content\/uploads\/2023\/07\/jogo_frases-300x159.png 300w, https:\/\/alfabeclicando.com.br\/wp-content\/uploads\/2023\/07\/jogo_frases-768x407.png 768w\" sizes=\"auto, (max-width: 899px) 100vw, 899px\" \/><\/a><figcaption class=\"wp-element-caption\"><strong>JOGO DAS PALAVRAS <\/strong><\/figcaption><\/figure>\n\n\n\n<p><\/p>\n<\/div>\n\n\n\n<div class=\"wp-block-column is-layout-flow wp-block-column-is-layout-flow\">\n<figure class=\"wp-block-image size-full\"><a href=\"https:\/\/alfabeclicando.com.br\/?page_id=491\" target=\"_blank\" rel=\"noreferrer noopener\"><img loading=\"lazy\" decoding=\"async\" width=\"900\" height=\"478\" src=\"https:\/\/alfabeclicando.com.br\/wp-content\/uploads\/2023\/07\/jogo_frases_2.png\" alt=\"\" class=\"wp-image-487\" srcset=\"https:\/\/alfabeclicando.com.br\/wp-content\/uploads\/2023\/07\/jogo_frases_2.png 900w, https:\/\/alfabeclicando.com.br\/wp-content\/uploads\/2023\/07\/jogo_frases_2-300x159.png 300w, https:\/\/alfabeclicando.com.br\/wp-content\/uploads\/2023\/07\/jogo_frases_2-768x408.png 768w\" sizes=\"auto, (max-width: 900px) 100vw, 900px\" \/><\/a><figcaption class=\"wp-element-caption\">JOGO DAS FRASES<\/figcaption><\/figure>\n<\/div>\n<\/div>\n\n\n\n<div class=\"wp-block-columns is-layout-flex wp-container-core-columns-is-layout-2 wp-block-columns-is-layout-flex\">\n<div class=\"wp-block-column is-layout-flow wp-block-column-is-layout-flow\">\n<figure class=\"wp-block-image size-large\"><a href=\"https:\/\/www.flippity.net\/bg.php?k=1EoS2dvuYjB0uDxRMucpNfqRAik0_sRtrTi1_alKH_8Y\" target=\"_blank\" rel=\"noreferrer noopener\"><img loading=\"lazy\" decoding=\"async\" width=\"1024\" height=\"556\" src=\"https:\/\/alfabeclicando.com.br\/wp-content\/uploads\/2023\/09\/trilha_azul-1024x556.jpg\" alt=\"\" class=\"wp-image-543\" srcset=\"https:\/\/alfabeclicando.com.br\/wp-content\/uploads\/2023\/09\/trilha_azul-1024x556.jpg 1024w, https:\/\/alfabeclicando.com.br\/wp-content\/uploads\/2023\/09\/trilha_azul-300x163.jpg 300w, https:\/\/alfabeclicando.com.br\/wp-content\/uploads\/2023\/09\/trilha_azul-768x417.jpg 768w, https:\/\/alfabeclicando.com.br\/wp-content\/uploads\/2023\/09\/trilha_azul.jpg 1036w\" sizes=\"auto, (max-width: 1024px) 100vw, 1024px\" \/><\/a><\/figure>\n\n\n\n<p class=\"has-text-align-center\">Jogo de Trilha Equipe Azul<\/p>\n<\/div>\n\n\n\n<div class=\"wp-block-column is-layout-flow wp-block-column-is-layout-flow\">\n<figure class=\"wp-block-image size-large\"><a href=\"https:\/\/www.flippity.net\/bg.php?k=1Yr7V6E9p5lbJGE6qLcAVE-MzVdtCWa0huURx52Khf9c\" target=\"_blank\" rel=\"noreferrer noopener\"><img loading=\"lazy\" decoding=\"async\" width=\"1024\" height=\"558\" src=\"https:\/\/alfabeclicando.com.br\/wp-content\/uploads\/2023\/09\/trilha_verde-1024x558.jpg\" alt=\"\" class=\"wp-image-544\" srcset=\"https:\/\/alfabeclicando.com.br\/wp-content\/uploads\/2023\/09\/trilha_verde-1024x558.jpg 1024w, https:\/\/alfabeclicando.com.br\/wp-content\/uploads\/2023\/09\/trilha_verde-300x164.jpg 300w, https:\/\/alfabeclicando.com.br\/wp-content\/uploads\/2023\/09\/trilha_verde-768x419.jpg 768w, https:\/\/alfabeclicando.com.br\/wp-content\/uploads\/2023\/09\/trilha_verde.jpg 1036w\" sizes=\"auto, (max-width: 1024px) 100vw, 1024px\" \/><\/a><\/figure>\n\n\n\n<p class=\"has-text-align-center\">Jogo de Trilha Equipe Verde<\/p>\n<\/div>\n\n\n\n<div class=\"wp-block-column is-layout-flow wp-block-column-is-layout-flow\">\n<figure class=\"wp-block-image size-full\"><a href=\"https:\/\/alfabeclicando.com.br\/caraacara\/Cara Cara.html\" target=\"_blank\" rel=\"noreferrer noopener\"><img loading=\"lazy\" decoding=\"async\" width=\"780\" height=\"389\" src=\"https:\/\/alfabeclicando.com.br\/wp-content\/uploads\/2023\/11\/logo_caraacara.jpg\" alt=\"\" class=\"wp-image-600\" srcset=\"https:\/\/alfabeclicando.com.br\/wp-content\/uploads\/2023\/11\/logo_caraacara.jpg 780w, https:\/\/alfabeclicando.com.br\/wp-content\/uploads\/2023\/11\/logo_caraacara-300x150.jpg 300w, https:\/\/alfabeclicando.com.br\/wp-content\/uploads\/2023\/11\/logo_caraacara-768x383.jpg 768w\" sizes=\"auto, (max-width: 780px) 100vw, 780px\" \/><\/a><\/figure>\n\n\n\n<p class=\"has-text-align-center\">Jogo do Cara a Cara<\/p>\n<\/div>\n<\/div>\n\n\n\n<div class=\"wp-block-columns is-layout-flex wp-container-core-columns-is-layout-3 wp-block-columns-is-layout-flex\">\n<div class=\"wp-block-column is-layout-flow wp-block-column-is-layout-flow\">\n<p class=\"has-text-align-center\"><\/p>\n\n\n\n<p class=\"has-text-align-center\"><\/p>\n<\/div>\n\n\n\n<div class=\"wp-block-column is-layout-flow wp-block-column-is-layout-flow\">\n<figure class=\"wp-block-image size-large\"><a href=\"https:\/\/heyzine.com\/flip-book\/b8e723d0ae.html\" target=\"_blank\" rel=\" noreferrer noopener\"><img loading=\"lazy\" decoding=\"async\" width=\"709\" height=\"1024\" src=\"https:\/\/alfabeclicando.com.br\/wp-content\/uploads\/2025\/04\/capa2-709x1024.jpg\" alt=\"\" class=\"wp-image-647\" srcset=\"https:\/\/alfabeclicando.com.br\/wp-content\/uploads\/2025\/04\/capa2-709x1024.jpg 709w, https:\/\/alfabeclicando.com.br\/wp-content\/uploads\/2025\/04\/capa2-208x300.jpg 208w, https:\/\/alfabeclicando.com.br\/wp-content\/uploads\/2025\/04\/capa2.jpg 720w\" sizes=\"auto, (max-width: 709px) 100vw, 709px\" \/><\/a><\/figure>\n\n\n\n<p class=\"has-text-align-center\">Colet\u00e2nea de Hist\u00f3rias com Games Equipe Verde<\/p>\n<\/div>\n\n\n\n<div class=\"wp-block-column is-layout-flow wp-block-column-is-layout-flow\">\n<figure class=\"wp-block-image size-large\"><a href=\"https:\/\/heyzine.com\/flip-book\/9fa8871406.html\" target=\"_blank\" rel=\" noreferrer noopener\"><img loading=\"lazy\" decoding=\"async\" width=\"709\" height=\"1024\" src=\"https:\/\/alfabeclicando.com.br\/wp-content\/uploads\/2025\/04\/capa1-1-709x1024.jpg\" alt=\"\" class=\"wp-image-648\" srcset=\"https:\/\/alfabeclicando.com.br\/wp-content\/uploads\/2025\/04\/capa1-1-709x1024.jpg 709w, https:\/\/alfabeclicando.com.br\/wp-content\/uploads\/2025\/04\/capa1-1-208x300.jpg 208w, https:\/\/alfabeclicando.com.br\/wp-content\/uploads\/2025\/04\/capa1-1.jpg 720w\" sizes=\"auto, (max-width: 709px) 100vw, 709px\" \/><\/a><\/figure>\n\n\n\n<p class=\"has-text-align-center\">Colet\u00e2nea de Hist\u00f3rias com Games Equipe Azul<\/p>\n<\/div>\n<\/div>\n\n\n\n<div class=\"wp-block-columns is-layout-flex wp-container-core-columns-is-layout-4 wp-block-columns-is-layout-flex\">\n<div class=\"wp-block-column is-layout-flow wp-block-column-is-layout-flow\">\n<figure class=\"wp-block-image size-full\"><a href=\"https:\/\/alfabeclicando.com.br\/?page_id=631\" target=\"_blank\" rel=\" noreferrer noopener\"><img loading=\"lazy\" decoding=\"async\" width=\"908\" height=\"485\" src=\"https:\/\/alfabeclicando.com.br\/wp-content\/uploads\/2025\/04\/foto_cacapalavras-1.jpg\" alt=\"\" class=\"wp-image-645\" srcset=\"https:\/\/alfabeclicando.com.br\/wp-content\/uploads\/2025\/04\/foto_cacapalavras-1.jpg 908w, https:\/\/alfabeclicando.com.br\/wp-content\/uploads\/2025\/04\/foto_cacapalavras-1-300x160.jpg 300w, https:\/\/alfabeclicando.com.br\/wp-content\/uploads\/2025\/04\/foto_cacapalavras-1-768x410.jpg 768w\" sizes=\"auto, (max-width: 908px) 100vw, 908px\" \/><\/a><\/figure>\n\n\n\n<p class=\"has-text-align-center\">Jogo de Ca\u00e7a-Palavra<\/p>\n<\/div>\n\n\n\n<div class=\"wp-block-column is-layout-flow wp-block-column-is-layout-flow\"><\/div>\n\n\n\n<div class=\"wp-block-column is-layout-flow wp-block-column-is-layout-flow\"><\/div>\n<\/div>\n\n\n\n<p class=\"has-text-align-center\"><\/p>\n","protected":false},"excerpt":{"rendered":"<p>Aqui est\u00e3o as produ\u00e7\u00f5es feitas pelos nossos alunos, atrav\u00e9s dos prot\u00f3tipos dos jogos reais. Para jogar clique nas imagens. Todos os Jogos s\u00e3o disponibilizados para uso gratuito e educativo e n\u00e3o est\u00e3o autorizados para uso comercial. Jogo de Trilha Equipe Azul Jogo de Trilha Equipe Verde Jogo do Cara a Cara Colet\u00e2nea de Hist\u00f3rias com &#8230; <a title=\"Games das Crian\u00e7as\" class=\"read-more\" href=\"https:\/\/alfabeclicando.com.br\/?page_id=54\">Read more<span class=\"screen-reader-text\">Games das Crian\u00e7as<\/span><\/a><\/p>\n","protected":false},"author":1,"featured_media":0,"parent":0,"menu_order":0,"comment_status":"closed","ping_status":"closed","template":"","meta":{"om_disable_all_campaigns":false,"_monsterinsights_skip_tracking":false,"_monsterinsights_sitenote_active":false,"_monsterinsights_sitenote_note":"","_monsterinsights_sitenote_category":0,"footnotes":""},"class_list":["post-54","page","type-page","status-publish"],"_links":{"self":[{"href":"https:\/\/alfabeclicando.com.br\/index.php?rest_route=\/wp\/v2\/pages\/54","targetHints":{"allow":["GET"]}}],"collection":[{"href":"https:\/\/alfabeclicando.com.br\/index.php?rest_route=\/wp\/v2\/pages"}],"about":[{"href":"https:\/\/alfabeclicando.com.br\/index.php?rest_route=\/wp\/v2\/types\/page"}],"author":[{"embeddable":true,"href":"https:\/\/alfabeclicando.com.br\/index.php?rest_route=\/wp\/v2\/users\/1"}],"replies":[{"embeddable":true,"href":"https:\/\/alfabeclicando.com.br\/index.php?rest_route=%2Fwp%2Fv2%2Fcomments&post=54"}],"version-history":[{"count":25,"href":"https:\/\/alfabeclicando.com.br\/index.php?rest_route=\/wp\/v2\/pages\/54\/revisions"}],"predecessor-version":[{"id":652,"href":"https:\/\/alfabeclicando.com.br\/index.php?rest_route=\/wp\/v2\/pages\/54\/revisions\/652"}],"wp:attachment":[{"href":"https:\/\/alfabeclicando.com.br\/index.php?rest_route=%2Fwp%2Fv2%2Fmedia&parent=54"}],"curies":[{"name":"wp","href":"https:\/\/api.w.org\/{rel}","templated":true}]}}