{"id":50,"date":"2022-08-12T22:04:34","date_gmt":"2022-08-13T01:04:34","guid":{"rendered":"http:\/\/alfabeclicando.com.br\/?page_id=50"},"modified":"2023-07-19T08:46:06","modified_gmt":"2023-07-19T11:46:06","slug":"o-projeto-na-escola","status":"publish","type":"page","link":"https:\/\/alfabeclicando.com.br\/?page_id=50","title":{"rendered":"Na Escola"},"content":{"rendered":"\n<div class=\"wp-block-media-text alignwide is-stacked-on-mobile\" style=\"grid-template-columns:30% auto\"><figure class=\"wp-block-media-text__media\"><img loading=\"lazy\" decoding=\"async\" width=\"740\" height=\"924\" src=\"http:\/\/alfabeclicando.com.br\/wp-content\/uploads\/2022\/09\/LOGO_FABRICA_COMPLETO.png\" alt=\"\" class=\"wp-image-252 size-full\" srcset=\"https:\/\/alfabeclicando.com.br\/wp-content\/uploads\/2022\/09\/LOGO_FABRICA_COMPLETO.png 740w, https:\/\/alfabeclicando.com.br\/wp-content\/uploads\/2022\/09\/LOGO_FABRICA_COMPLETO-240x300.png 240w\" sizes=\"auto, (max-width: 740px) 100vw, 740px\" \/><\/figure><div class=\"wp-block-media-text__content\">\n<p class=\"has-text-align-center\">Na escola, a Pesquisa se desenvolve como um Projeto Pedag\u00f3gico com uso de novas tecnologias, adequado \u00e0s necessidades das crian\u00e7as. Neste segundo semestre de 2022, as Oficinas de Refor\u00e7o Escolar est\u00e3o sendo realizadas no GET Elza Soares da 3a CRE. Foram oferecidas 30 vagas, de forma a atender alunos com defasagens em alfabetiza\u00e7\u00e3o  que est\u00e3o cursando turmas regulares do 3\u00ba, 4\u00ba e 5\u00ba anos. As Oficinas s\u00e3o realizadas duas vezes na semana, ap\u00f3s as aulas, e tem dura\u00e7\u00e3o de 1h e 30 min.<\/p>\n\n\n\n<p class=\"has-text-align-center\">As Oficinas s\u00e3o planejadas e executadas pelas Bolsistas FAPERJ\/ISERJ, sob a supervis\u00e3o da Coordenadora da Pesquisa, e utilizam as metodologias ativas da Gamifica\u00e7\u00e3o e da Aprendizagem Baseada em Projetos como norteadores das atividades. Criamos uma grande narrativa, na qual os alunos s\u00e3o estagi\u00e1rios de uma F\u00e1brica de Games chamada Alfabeclicando. E, como estagi\u00e1rios, recebem mensagens de crian\u00e7as de outras escolas que ainda n\u00e3o sabem ler e escrever completamente. Nessas mensagens, eles recebem tamb\u00e9m instru\u00e7\u00f5es para a produ\u00e7\u00e3o de Games Digitais, que para serem produzidos, necessitam de prot\u00f3tipos reais. Dessa forma as crian\u00e7as criam jogos reais, que s\u00e3o entregues a eles no final da Oficina, e com base nesses materiais s\u00e3o produzidos Games Digitais, ora por eles mesmos, com ferramentas da web, ora pelo N\u00facleo de Produ\u00e7\u00e3o de Games da Pesquisa.<\/p>\n\n\n\n<p class=\"has-text-align-center\">Em todas as Oficinas h\u00e1 um tempo reservado para a brincadeira com jogos reais de alfabetiza\u00e7\u00e3o e Games Educativos tamb\u00e9m de alfabetiza\u00e7\u00e3o, os quais s\u00e3o escolhidos pelas crian\u00e7as de acordo com seus interesses. Todos esses materiais s\u00e3o previamente pesquisados antes de fazerem parte do acervo da Pesquisa.<\/p>\n\n\n\n<div class=\"wp-block-columns is-layout-flex wp-container-core-columns-is-layout-1 wp-block-columns-is-layout-flex\">\n<div class=\"wp-block-column is-layout-flow wp-block-column-is-layout-flow\"><\/div>\n<\/div>\n<\/div><\/div>\n\n\n\r\n<div id=\"sb_instagram\"  class=\"sbi sbi_mob_col_1 sbi_tab_col_2 sbi_col_3 sbi_width_resp\" style=\"padding-bottom: 10px;\" data-feedid=\"*1\"  data-res=\"auto\" data-cols=\"3\" data-colsmobile=\"1\" data-colstablet=\"2\" data-num=\"6\" data-nummobile=\"3\" data-shortcode-atts=\"{}\"  data-postid=\"50\" data-locatornonce=\"54f1293c65\" data-sbi-flags=\"favorLocal\">\r\n\t\r\n    <div id=\"sbi_images\"  style=\"padding: 5px;\">\r\n\t\t    <\/div>\r\n\r\n\t<div id=\"sbi_load\" >\r\n\r\n\t\r\n\t\t\t<span class=\"sbi_follow_btn sbi_custom\">\r\n        <a href=\"https:\/\/www.instagram.com\/17841430955545296\/\" style=\"background: rgb(64,139,209);\" target=\"_blank\" rel=\"nofollow noopener\">\r\n            <svg class=\"svg-inline--fa fa-instagram fa-w-14\" aria-hidden=\"true\" data-fa-processed=\"\" aria-label=\"Instagram\" data-prefix=\"fab\" data-icon=\"instagram\" role=\"img\" viewBox=\"0 0 448 512\">\n\t                <path fill=\"currentColor\" d=\"M224.1 141c-63.6 0-114.9 51.3-114.9 114.9s51.3 114.9 114.9 114.9S339 319.5 339 255.9 287.7 141 224.1 141zm0 189.6c-41.1 0-74.7-33.5-74.7-74.7s33.5-74.7 74.7-74.7 74.7 33.5 74.7 74.7-33.6 74.7-74.7 74.7zm146.4-194.3c0 14.9-12 26.8-26.8 26.8-14.9 0-26.8-12-26.8-26.8s12-26.8 26.8-26.8 26.8 12 26.8 26.8zm76.1 27.2c-1.7-35.9-9.9-67.7-36.2-93.9-26.2-26.2-58-34.4-93.9-36.2-37-2.1-147.9-2.1-184.9 0-35.8 1.7-67.6 9.9-93.9 36.1s-34.4 58-36.2 93.9c-2.1 37-2.1 147.9 0 184.9 1.7 35.9 9.9 67.7 36.2 93.9s58 34.4 93.9 36.2c37 2.1 147.9 2.1 184.9 0 35.9-1.7 67.7-9.9 93.9-36.2 26.2-26.2 34.4-58 36.2-93.9 2.1-37 2.1-147.8 0-184.8zM398.8 388c-7.8 19.6-22.9 34.7-42.6 42.6-29.5 11.7-99.5 9-132.1 9s-102.7 2.6-132.1-9c-19.6-7.8-34.7-22.9-42.6-42.6-11.7-29.5-9-99.5-9-132.1s-2.6-102.7 9-132.1c7.8-19.6 22.9-34.7 42.6-42.6 29.5-11.7 99.5-9 132.1-9s102.7-2.6 132.1 9c19.6 7.8 34.7 22.9 42.6 42.6 11.7 29.5 9 99.5 9 132.1s2.7 102.7-9 132.1z\"><\/path>\n\t            <\/svg>            <span>Follow on Instagram<\/span>\r\n        <\/a>\r\n    <\/span>\r\n\t\r\n<\/div>\r\n\r\n\t    <span class=\"sbi_resized_image_data\" data-feed-id=\"*1\" data-resized=\"[]\">\n\t<\/span>\n\t<\/div>\r\n\r\n","protected":false},"excerpt":{"rendered":"","protected":false},"author":1,"featured_media":0,"parent":0,"menu_order":0,"comment_status":"closed","ping_status":"closed","template":"","meta":{"om_disable_all_campaigns":false,"_monsterinsights_skip_tracking":false,"_monsterinsights_sitenote_active":false,"_monsterinsights_sitenote_note":"","_monsterinsights_sitenote_category":0,"footnotes":""},"class_list":["post-50","page","type-page","status-publish"],"_links":{"self":[{"href":"https:\/\/alfabeclicando.com.br\/index.php?rest_route=\/wp\/v2\/pages\/50","targetHints":{"allow":["GET"]}}],"collection":[{"href":"https:\/\/alfabeclicando.com.br\/index.php?rest_route=\/wp\/v2\/pages"}],"about":[{"href":"https:\/\/alfabeclicando.com.br\/index.php?rest_route=\/wp\/v2\/types\/page"}],"author":[{"embeddable":true,"href":"https:\/\/alfabeclicando.com.br\/index.php?rest_route=\/wp\/v2\/users\/1"}],"replies":[{"embeddable":true,"href":"https:\/\/alfabeclicando.com.br\/index.php?rest_route=%2Fwp%2Fv2%2Fcomments&post=50"}],"version-history":[{"count":11,"href":"https:\/\/alfabeclicando.com.br\/index.php?rest_route=\/wp\/v2\/pages\/50\/revisions"}],"predecessor-version":[{"id":418,"href":"https:\/\/alfabeclicando.com.br\/index.php?rest_route=\/wp\/v2\/pages\/50\/revisions\/418"}],"wp:attachment":[{"href":"https:\/\/alfabeclicando.com.br\/index.php?rest_route=%2Fwp%2Fv2%2Fmedia&parent=50"}],"curies":[{"name":"wp","href":"https:\/\/api.w.org\/{rel}","templated":true}]}}