{"id":40,"date":"2022-08-12T21:54:20","date_gmt":"2022-08-13T00:54:20","guid":{"rendered":"http:\/\/alfabeclicando.com.br\/?page_id=40"},"modified":"2022-09-25T00:52:00","modified_gmt":"2022-09-25T03:52:00","slug":"inicio","status":"publish","type":"page","link":"https:\/\/alfabeclicando.com.br\/","title":{"rendered":"Alfabeclicando"},"content":{"rendered":"\n<div class=\"wp-block-media-text alignwide is-stacked-on-mobile is-vertically-aligned-top\" style=\"grid-template-columns:47% auto\"><figure class=\"wp-block-media-text__media\"><img loading=\"lazy\" decoding=\"async\" width=\"800\" height=\"765\" src=\"http:\/\/alfabeclicando.com.br\/wp-content\/uploads\/2022\/09\/minijoy.png\" alt=\"\" class=\"wp-image-185 size-full\" srcset=\"https:\/\/alfabeclicando.com.br\/wp-content\/uploads\/2022\/09\/minijoy.png 800w, https:\/\/alfabeclicando.com.br\/wp-content\/uploads\/2022\/09\/minijoy-300x287.png 300w, https:\/\/alfabeclicando.com.br\/wp-content\/uploads\/2022\/09\/minijoy-768x734.png 768w\" sizes=\"auto, (max-width: 800px) 100vw, 800px\" \/><\/figure><div class=\"wp-block-media-text__content\">\n<p class=\"has-text-align-center has-medium-font-size\">Sejam bem-vindos ao site da Pesquisa \u201cAlfabeclicando: Refor\u00e7o Escolar de Alfabetiza\u00e7\u00e3o com uso de Games Educativos\u201d, desenvolvida pelo Grupo de Pesquisa Forma\u00e7\u00e3o de Professores e Tecnologias Educacionais\/FORPROTEC\/CNPq. Ela estabelece uma parceria de trabalho entre o Curso de Licenciatura em Pedagogia do Instituto Superior de Educa\u00e7\u00e3o do Rio de Janeiro (ISERJ), mantido pela Funda\u00e7\u00e3o de Apoio \u00e0 Escola T\u00e9cnica do Estado do Rio de Janeiro (FAETEC), e a Secretaria Municipal de Educa\u00e7\u00e3o da Cidade do Rio de Janeiro (SME\/RJ). Essa parceria visa contribuir com a produ\u00e7\u00e3o acad\u00eamica e com novas pr\u00e1ticas pedag\u00f3gicas que utilizem as tecnologias na educa\u00e7\u00e3o, sobretudo os Games, ao oferecer refor\u00e7o escolar para crian\u00e7as da Rede Municipal do Rio de Janeiro e tamb\u00e9m do Col\u00e9gio de Aplica\u00e7\u00e3o do ISERJ. Esta parceria se tornou poss\u00edvel gra\u00e7as ao apoio da Funda\u00e7\u00e3o Carlos Chagas Filho de Amparo \u00e0 Pesquisa do Estado do Rio de Janeiro \u2013 FAPERJ. <\/p>\n<\/div><\/div>\n","protected":false},"excerpt":{"rendered":"<p>Sejam bem-vindos ao site da Pesquisa \u201cAlfabeclicando: Refor\u00e7o Escolar de Alfabetiza\u00e7\u00e3o com uso de Games Educativos\u201d, desenvolvida pelo Grupo de Pesquisa Forma\u00e7\u00e3o de Professores e Tecnologias Educacionais\/FORPROTEC\/CNPq. Ela estabelece uma parceria de trabalho entre o Curso de Licenciatura em Pedagogia do Instituto Superior de Educa\u00e7\u00e3o do Rio de Janeiro (ISERJ), mantido pela Funda\u00e7\u00e3o de Apoio &#8230; <a title=\"Alfabeclicando\" class=\"read-more\" href=\"https:\/\/alfabeclicando.com.br\/\">Read more<span class=\"screen-reader-text\">Alfabeclicando<\/span><\/a><\/p>\n","protected":false},"author":1,"featured_media":0,"parent":0,"menu_order":0,"comment_status":"closed","ping_status":"closed","template":"","meta":{"om_disable_all_campaigns":false,"_monsterinsights_skip_tracking":false,"_monsterinsights_sitenote_active":false,"_monsterinsights_sitenote_note":"","_monsterinsights_sitenote_category":0,"footnotes":""},"class_list":["post-40","page","type-page","status-publish"],"_links":{"self":[{"href":"https:\/\/alfabeclicando.com.br\/index.php?rest_route=\/wp\/v2\/pages\/40","targetHints":{"allow":["GET"]}}],"collection":[{"href":"https:\/\/alfabeclicando.com.br\/index.php?rest_route=\/wp\/v2\/pages"}],"about":[{"href":"https:\/\/alfabeclicando.com.br\/index.php?rest_route=\/wp\/v2\/types\/page"}],"author":[{"embeddable":true,"href":"https:\/\/alfabeclicando.com.br\/index.php?rest_route=\/wp\/v2\/users\/1"}],"replies":[{"embeddable":true,"href":"https:\/\/alfabeclicando.com.br\/index.php?rest_route=%2Fwp%2Fv2%2Fcomments&post=40"}],"version-history":[{"count":34,"href":"https:\/\/alfabeclicando.com.br\/index.php?rest_route=\/wp\/v2\/pages\/40\/revisions"}],"predecessor-version":[{"id":421,"href":"https:\/\/alfabeclicando.com.br\/index.php?rest_route=\/wp\/v2\/pages\/40\/revisions\/421"}],"wp:attachment":[{"href":"https:\/\/alfabeclicando.com.br\/index.php?rest_route=%2Fwp%2Fv2%2Fmedia&parent=40"}],"curies":[{"name":"wp","href":"https:\/\/api.w.org\/{rel}","templated":true}]}}